{"id":919,"date":"2023-04-03T13:44:39","date_gmt":"2023-04-03T13:44:39","guid":{"rendered":"https:\/\/fl.louru.fi\/?page_id=919"},"modified":"2023-11-14T19:42:45","modified_gmt":"2023-11-14T17:42:45","slug":"fishing-permits","status":"publish","type":"page","link":"https:\/\/fishinglapland.com\/en\/fishing-permits\/","title":{"rendered":"Fishing permits &amp; General information"},"content":{"rendered":"<div data-elementor-type=\"wp-page\" data-elementor-id=\"919\" class=\"elementor elementor-919\" data-elementor-post-type=\"page\">\n\t\t\t\t\t\t<section data-particle_enable=\"false\" data-particle-mobile-disabled=\"false\" class=\"elementor-section elementor-top-section elementor-element elementor-element-43a68ca elementor-section-full_width elementor-section-height-min-height elementor-section-items-top elementor-section-height-default\" data-id=\"43a68ca\" data-element_type=\"section\" data-e-type=\"section\" data-settings=\"{&quot;background_background&quot;:&quot;classic&quot;}\">\n\t\t\t\t\t\t\t<div class=\"elementor-background-overlay\"><\/div>\n\t\t\t\t\t\t\t<div class=\"elementor-container elementor-column-gap-default\">\n\t\t\t\t\t<div class=\"elementor-column elementor-col-100 elementor-top-column elementor-element elementor-element-4bff361\" data-id=\"4bff361\" data-element_type=\"column\" data-e-type=\"column\">\n\t\t\t<div class=\"elementor-widget-wrap elementor-element-populated\">\n\t\t\t\t\t\t<section data-particle_enable=\"false\" data-particle-mobile-disabled=\"false\" class=\"elementor-section elementor-inner-section elementor-element elementor-element-914cd1d elementor-section-boxed elementor-section-height-default elementor-section-height-default\" data-id=\"914cd1d\" data-element_type=\"section\" data-e-type=\"section\" data-settings=\"{&quot;background_background&quot;:&quot;classic&quot;}\">\n\t\t\t\t\t\t<div class=\"elementor-container elementor-column-gap-default\">\n\t\t\t\t\t<div class=\"elementor-column elementor-col-100 elementor-inner-column elementor-element elementor-element-8228f2d\" data-id=\"8228f2d\" data-element_type=\"column\" data-e-type=\"column\" data-settings=\"{&quot;background_background&quot;:&quot;classic&quot;}\">\n\t\t\t<div class=\"elementor-widget-wrap elementor-element-populated\">\n\t\t\t\t\t\t<div class=\"elementor-element elementor-element-bc642ab elementor-widget elementor-widget-image\" data-id=\"bc642ab\" data-element_type=\"widget\" data-e-type=\"widget\" data-widget_type=\"image.default\">\n\t\t\t\t<div class=\"elementor-widget-container\">\n\t\t\t\t\t\t\t\t\t\t\t\t\t\t\t<img fetchpriority=\"high\" decoding=\"async\" width=\"800\" height=\"534\" src=\"https:\/\/fishinglapland.com\/wp-content\/uploads\/2023\/04\/FishingLapland_WEB_34_of_45.jpg\" class=\"attachment-large size-large wp-image-951\" alt=\"Fishing\" srcset=\"https:\/\/fishinglapland.com\/wp-content\/uploads\/2023\/04\/FishingLapland_WEB_34_of_45.jpg 800w, https:\/\/fishinglapland.com\/wp-content\/uploads\/2023\/04\/FishingLapland_WEB_34_of_45-300x200.jpg 300w, https:\/\/fishinglapland.com\/wp-content\/uploads\/2023\/04\/FishingLapland_WEB_34_of_45-768x513.jpg 768w\" sizes=\"(max-width: 800px) 100vw, 800px\" \/>\t\t\t\t\t\t\t\t\t\t\t\t\t\t\t<\/div>\n\t\t\t\t<\/div>\n\t\t\t\t<div class=\"elementor-element elementor-element-defd8e6 elementor-widget elementor-widget-heading\" data-id=\"defd8e6\" data-element_type=\"widget\" data-e-type=\"widget\" data-widget_type=\"heading.default\">\n\t\t\t\t<div class=\"elementor-widget-container\">\n\t\t\t\t\t<h1 class=\"elementor-heading-title elementor-size-default\">Fishing permits &amp; General information<\/h1>\t\t\t\t<\/div>\n\t\t\t\t<\/div>\n\t\t\t\t<div class=\"elementor-element elementor-element-b02e485 elementor-widget__width-initial elementor-widget elementor-widget-text-editor\" data-id=\"b02e485\" data-element_type=\"widget\" data-e-type=\"widget\" data-widget_type=\"text-editor.default\">\n\t\t\t\t<div class=\"elementor-widget-container\">\n\t\t\t\t\t\t\t\t\t<p>Fishing in Finland is based on general fishing rights that are comparable to everyman\u2019s rights. The general fishing rights allow you to fish with hook and line (using one rod and hook without a lure or a reel that is suitable for casting), simple herring rig and ice fishing. General fishing rights are not in effect in the rapids and shoots of waters with migratory fish stocks or in those water areas where fishing is prohibited on some other grounds.\u00a0<\/p>\t\t\t\t\t\t\t\t<\/div>\n\t\t\t\t<\/div>\n\t\t\t\t<div class=\"elementor-element elementor-element-092e2f5 elementor-widget__width-initial elementor-widget elementor-widget-text-editor\" data-id=\"092e2f5\" data-element_type=\"widget\" data-e-type=\"widget\" data-widget_type=\"text-editor.default\">\n\t\t\t\t<div class=\"elementor-widget-container\">\n\t\t\t\t\t\t\t\t\t<p>Fishing in Finland is based on general fishing rights, which are comparable to everyone's rights. Under the general fishing right, everyone has the right to pike, fish with one rod and hook without bait, and to fish for herring. General fishing rights do not apply to rapids and stream areas of migratory fish waters, nor to those water areas where fishing is prohibited for other reasons. \u00a0<\/p><p>Lure fishing with one lure requires the payment of the fisheries management fee from every angler at the age of 18 - 64 years, that is collected by the Finnish State. The management fee grants you the right to fish with a single rod in nearly the entire country.\u00a0<\/p><p>Fishing in state-owned running waters and special fishing destinations requires an angling permit. Trap fishing, fishing with more than one rod or crayfishing in state-owned waters also requires a separate permit. These permits are issued by the Finnish Forest and Park Services.<\/p><p>Fishing on the Artery river requires its own angling permit for the joint fishing area.<\/p><p>Fishing activities are supervised by different authorities (police, border guards, fishing authorities, customs officials) as part of their official duties. Sworn and trained fishing supervisors approved by an ELY Centre also have the authority to conduct fishing supervision as defined in the Fishing Act.<\/p>\t\t\t\t\t\t\t\t<\/div>\n\t\t\t\t<\/div>\n\t\t\t\t\t<\/div>\n\t\t<\/div>\n\t\t\t\t\t<\/div>\n\t\t<\/section>\n\t\t\t\t\t<\/div>\n\t\t<\/div>\n\t\t\t\t\t<\/div>\n\t\t<\/section>\n\t\t\t\t<section data-particle_enable=\"false\" data-particle-mobile-disabled=\"false\" class=\"elementor-section elementor-top-section elementor-element elementor-element-b6a95fd elementor-section-height-min-height elementor-section-items-top elementor-section-boxed elementor-section-height-default\" data-id=\"b6a95fd\" data-element_type=\"section\" data-e-type=\"section\" data-settings=\"{&quot;background_background&quot;:&quot;classic&quot;}\">\n\t\t\t\t\t\t\t<div class=\"elementor-background-overlay\"><\/div>\n\t\t\t\t\t\t\t<div class=\"elementor-container elementor-column-gap-default\">\n\t\t\t\t\t<div class=\"elementor-column elementor-col-100 elementor-top-column elementor-element elementor-element-d2d106e\" data-id=\"d2d106e\" data-element_type=\"column\" data-e-type=\"column\" data-settings=\"{&quot;background_background&quot;:&quot;classic&quot;}\">\n\t\t\t<div class=\"elementor-widget-wrap elementor-element-populated\">\n\t\t\t\t\t\t<section data-particle_enable=\"false\" data-particle-mobile-disabled=\"false\" class=\"elementor-section elementor-inner-section elementor-element elementor-element-0601736 elementor-section-boxed elementor-section-height-default elementor-section-height-default\" data-id=\"0601736\" data-element_type=\"section\" data-e-type=\"section\">\n\t\t\t\t\t\t<div class=\"elementor-container elementor-column-gap-default\">\n\t\t\t\t\t<div class=\"elementor-column elementor-col-50 elementor-inner-column elementor-element elementor-element-b34e961\" data-id=\"b34e961\" data-element_type=\"column\" data-e-type=\"column\">\n\t\t\t<div class=\"elementor-widget-wrap elementor-element-populated\">\n\t\t\t\t\t\t<div class=\"elementor-element elementor-element-f3043a5 elementor-widget elementor-widget-eael-creative-button\" data-id=\"f3043a5\" data-element_type=\"widget\" data-e-type=\"widget\" data-widget_type=\"eael-creative-button.default\">\n\t\t\t\t<div class=\"elementor-widget-container\">\n\t\t\t\t\t        <div class=\"eael-creative-button-wrapper\">\n\n            <a class=\"eael-creative-button eael-creative-button--default\" href=\"https:\/\/www.eraluvat.fi\/en\/fishing\/good-to-know.html\" data-text=\"Go!\" target=\"_blank\" rel=\"noopener\">\n            \t    \n                <div class=\"creative-button-inner\">\n\n                    \n                    <span class=\"cretive-button-text\">General information<\/span>\n\n                                            <span class=\"eael-creative-button-icon-right\"><i aria-hidden=\"true\" class=\"fas fa-external-link-alt\"><\/i><\/span>                                    <\/div>\n\t                        <\/a>\n        <\/div>\n        \t\t\t\t<\/div>\n\t\t\t\t<\/div>\n\t\t\t\t\t<\/div>\n\t\t<\/div>\n\t\t\t\t<div class=\"elementor-column elementor-col-50 elementor-inner-column elementor-element elementor-element-ecff5db\" data-id=\"ecff5db\" data-element_type=\"column\" data-e-type=\"column\">\n\t\t\t<div class=\"elementor-widget-wrap elementor-element-populated\">\n\t\t\t\t\t\t<div class=\"elementor-element elementor-element-2bc759c elementor-widget elementor-widget-eael-creative-button\" data-id=\"2bc759c\" data-element_type=\"widget\" data-e-type=\"widget\" data-widget_type=\"eael-creative-button.default\">\n\t\t\t\t<div class=\"elementor-widget-container\">\n\t\t\t\t\t        <div class=\"eael-creative-button-wrapper\">\n\n            <a class=\"eael-creative-button eael-creative-button--default\" href=\"https:\/\/www.eraluvat.fi\/en\/fishing\/fishing-permits\/angling-permit\" data-text=\"Go!\" target=\"_blank\" rel=\"noopener\">\n            \t    \n                <div class=\"creative-button-inner\">\n\n                    \n                    <span class=\"cretive-button-text\">Purchase permits<\/span>\n\n                                            <span class=\"eael-creative-button-icon-right\"><i aria-hidden=\"true\" class=\"fas fa-external-link-alt\"><\/i><\/span>                                    <\/div>\n\t                        <\/a>\n        <\/div>\n        \t\t\t\t<\/div>\n\t\t\t\t<\/div>\n\t\t\t\t\t<\/div>\n\t\t<\/div>\n\t\t\t\t\t<\/div>\n\t\t<\/section>\n\t\t\t\t<section data-particle_enable=\"false\" data-particle-mobile-disabled=\"false\" class=\"elementor-section elementor-inner-section elementor-element elementor-element-641222a elementor-section-boxed elementor-section-height-default elementor-section-height-default\" data-id=\"641222a\" data-element_type=\"section\" data-e-type=\"section\">\n\t\t\t\t\t\t<div class=\"elementor-container elementor-column-gap-default\">\n\t\t\t\t\t<div class=\"elementor-column elementor-col-50 elementor-inner-column elementor-element elementor-element-4ee9887\" data-id=\"4ee9887\" data-element_type=\"column\" data-e-type=\"column\">\n\t\t\t<div class=\"elementor-widget-wrap elementor-element-populated\">\n\t\t\t\t\t\t<div class=\"elementor-element elementor-element-69c14b8 elementor-widget elementor-widget-eael-creative-button\" data-id=\"69c14b8\" data-element_type=\"widget\" data-e-type=\"widget\" data-widget_type=\"eael-creative-button.default\">\n\t\t\t\t<div class=\"elementor-widget-container\">\n\t\t\t\t\t        <div class=\"eael-creative-button-wrapper\">\n\n            <a class=\"eael-creative-button eael-creative-button--default\" href=\"https:\/\/www.eraluvat.fi\/en\/fishing\/fisheries-management-fee.html\" data-text=\"Go!\" target=\"_blank\" rel=\"noopener\">\n            \t    \n                <div class=\"creative-button-inner\">\n\n                    \n                    <span class=\"cretive-button-text\">About the fisheries management fee<\/span>\n\n                                            <span class=\"eael-creative-button-icon-right\"><i aria-hidden=\"true\" class=\"fas fa-external-link-alt\"><\/i><\/span>                                    <\/div>\n\t                        <\/a>\n        <\/div>\n        \t\t\t\t<\/div>\n\t\t\t\t<\/div>\n\t\t\t\t\t<\/div>\n\t\t<\/div>\n\t\t\t\t<div class=\"elementor-column elementor-col-50 elementor-inner-column elementor-element elementor-element-5c70dce\" data-id=\"5c70dce\" data-element_type=\"column\" data-e-type=\"column\">\n\t\t\t<div class=\"elementor-widget-wrap elementor-element-populated\">\n\t\t\t\t\t\t<div class=\"elementor-element elementor-element-87a2587 elementor-widget elementor-widget-eael-creative-button\" data-id=\"87a2587\" data-element_type=\"widget\" data-e-type=\"widget\" data-widget_type=\"eael-creative-button.default\">\n\t\t\t\t<div class=\"elementor-widget-container\">\n\t\t\t\t\t        <div class=\"eael-creative-button-wrapper\">\n\n            <a class=\"eael-creative-button eael-creative-button--default\" href=\"https:\/\/torneriversalmon.com\/yhteislupa\/\" data-text=\"Go!\" target=\"_blank\" rel=\"noopener\">\n            \t    \n                <div class=\"creative-button-inner\">\n\n                    \n                    <span class=\"cretive-button-text\">Artery river salmon permits<\/span>\n\n                                            <span class=\"eael-creative-button-icon-right\"><i aria-hidden=\"true\" class=\"fas fa-external-link-alt\"><\/i><\/span>                                    <\/div>\n\t                        <\/a>\n        <\/div>\n        \t\t\t\t<\/div>\n\t\t\t\t<\/div>\n\t\t\t\t\t<\/div>\n\t\t<\/div>\n\t\t\t\t\t<\/div>\n\t\t<\/section>\n\t\t\t\t\t<\/div>\n\t\t<\/div>\n\t\t\t\t\t<\/div>\n\t\t<\/section>\n\t\t\t\t<\/div>","protected":false},"excerpt":{"rendered":"<p>Kalastusluvat ja -s\u00e4\u00e4nn\u00f6t Kalastettaessa Suomessa, on kalastajalla oltava voimassa asianmukaiset luvat ja h\u00e4nen tulee noudattaa kullekin vesialueelle s\u00e4\u00e4dettyj\u00e4 kalastus-s\u00e4\u00e4nt\u00f6j\u00e4. Hyviin tapoihin kuuluu huolehtia edell\u00e4mainittujen asioiden olevan kunnossa ja edellytt\u00e4\u00e4 niiden noudattamista my\u00f6s muilta kalastusretkeen osallistuvilta. Luonnon kunnioittaminen ja siit\u00e4 huolehtiminenn on jokaisen kalastajan velvollisuus.\u00a0 Kalastus Suomessa perustuu yleiskalastusoikeuksiin, jotka ovat verrattavissa jokaisen oikeuksiin. Yleiskalastusoikeuden nojalla [&hellip;]<\/p>\n","protected":false},"author":1,"featured_media":0,"parent":0,"menu_order":0,"comment_status":"closed","ping_status":"closed","template":"elementor_header_footer","meta":{"_acf_changed":false,"footnotes":""},"class_list":["post-919","page","type-page","status-publish","hentry"],"acf":[],"_links":{"self":[{"href":"https:\/\/fishinglapland.com\/en\/wp-json\/wp\/v2\/pages\/919","targetHints":{"allow":["GET"]}}],"collection":[{"href":"https:\/\/fishinglapland.com\/en\/wp-json\/wp\/v2\/pages"}],"about":[{"href":"https:\/\/fishinglapland.com\/en\/wp-json\/wp\/v2\/types\/page"}],"author":[{"embeddable":true,"href":"https:\/\/fishinglapland.com\/en\/wp-json\/wp\/v2\/users\/1"}],"replies":[{"embeddable":true,"href":"https:\/\/fishinglapland.com\/en\/wp-json\/wp\/v2\/comments?post=919"}],"version-history":[{"count":215,"href":"https:\/\/fishinglapland.com\/en\/wp-json\/wp\/v2\/pages\/919\/revisions"}],"predecessor-version":[{"id":7542,"href":"https:\/\/fishinglapland.com\/en\/wp-json\/wp\/v2\/pages\/919\/revisions\/7542"}],"wp:attachment":[{"href":"https:\/\/fishinglapland.com\/en\/wp-json\/wp\/v2\/media?parent=919"}],"curies":[{"name":"wp","href":"https:\/\/api.w.org\/{rel}","templated":true}]}}